{"id":1,"date":"2016-09-19T11:20:05","date_gmt":"2016-09-19T11:20:05","guid":{"rendered":"http:\/\/technischemechanik.com\/?page_id=1"},"modified":"2021-12-03T09:06:53","modified_gmt":"2021-12-03T08:06:53","slug":"about","status":"publish","type":"page","link":"https:\/\/technischemechanik.com\/de\/about\/","title":{"rendered":"Mission"},"content":{"rendered":"<p style=\"text-align:justify;\">Das Motto hier lautet: <strong>Technische Mechanik &#8211; anschaulich erkl\u00e4rt! <\/strong>Und zwar Technische Mechanik auf Hochschulniveau. Ich bin Markus Orthaber, studierter Physiker und seit 2013 Senior Lecturer in der Mechanik, und m\u00f6chte dich <strong>herzlich Willkommen<\/strong> hei\u00dfen.<\/p>\n<p style=\"text-align:justify;\">Mein Ziel ist es, die Technische Mechanik verst\u00e4ndlich und anschaulich zu erkl\u00e4ren und den Spa\u00df daran hervorzuheben. Du findest auf dieser Website in erster Linie \u00dcbungsaufgaben zur Statik, Festigkeitslehre und Dynamik, aber in Zukunft auch Theorievideos. In der Dynamik auch komplexe Aufgaben aus Lagrange- und d&#8217;Alembert-Mechanik, Energieerhaltung, Sto\u00dfvorg\u00e4nge, Relativkinematik- und kinetik sowie Kreiseldynamik. Alle \u00dcbungsaufgaben sind mit Links zu meinem YouTube Kanal versehen. Dort rechne ich ausf\u00fchrlich alle notwendigen Schritte zur gesuchten L\u00f6sung durch. Du kannst mich also pausieren oder Teile wiederholt ansehen oder aber sogar in erh\u00f6hter Geschwindigkeit ablaufen lassen, falls ich dir einmal zu Langweilig werden sollte. Kurz gesagt: Du kannst in deinem vollkommen individuellen Tempo und zur von dir bevorzugten Tageszeit lernen. Wenn du doch einmal Fragen hast, kontaktiere mich bitte gerne in den Videokommentaren, hier bei den Blogbeitr\u00e4gen oder per E-Mail. Ich werde jede einzelne Frage so gut wie m\u00f6glich beantworten.<\/p>\n<p style=\"text-align:justify;\">Nachdem ich mich neben der Mechanik auch noch allgemein mit Didaktik besch\u00e4ftige, ist hier dann auch der eine oder andere Beitrag zur (Ingenieurs-)p\u00e4dagogik zu finden. Ich hoffe in jedem Fall auf viele spannende Diskussionen mit euch, liebe Leser*innen, und bedanke mich f\u00fcr euer Interesse.<\/p>\n<p>Viel Spa\u00df mit der Mechanik!<\/p>\n\n\n<p class=\"wp-block-paragraph\"><\/p>\n","protected":false},"excerpt":{"rendered":"<p>Das Motto hier lautet: Technische Mechanik &#8211; anschaulich erkl\u00e4rt! Und zwar Technische Mechanik auf Hochschulniveau. Ich bin Markus Orthaber, studierter Physiker und seit 2013 Senior Lecturer in der Mechanik, und m\u00f6chte dich herzlich Willkommen hei\u00dfen. Mein Ziel ist es, die Technische Mechanik verst\u00e4ndlich und anschaulich zu erkl\u00e4ren und den Spa\u00df daran hervorzuheben. Du findest auf &hellip; <a href=\"https:\/\/technischemechanik.com\/de\/about\/\" class=\"more-link\"><span class=\"screen-reader-text\">Mission<\/span> weiterlesen<\/a><\/p>\n","protected":false},"author":110396568,"featured_media":0,"parent":0,"menu_order":0,"comment_status":"open","ping_status":"open","template":"","meta":{"_coblocks_attr":"","_coblocks_dimensions":"","_coblocks_responsive_height":"","_coblocks_accordion_ie_support":"","_crdt_document":"","advanced_seo_description":"","jetpack_seo_html_title":"","jetpack_seo_noindex":false,"jetpack_post_was_ever_published":false,"footnotes":""},"tags":[],"class_list":["post-1","page","type-page","status-publish","hentry","no-featured-image"],"jetpack_likes_enabled":true,"jetpack_sharing_enabled":true,"jetpack_shortlink":"https:\/\/wp.me\/P7UJuu-1","jetpack-related-posts":[],"amp_enabled":true,"_links":{"self":[{"href":"https:\/\/technischemechanik.com\/de\/wp-json\/wp\/v2\/pages\/1","targetHints":{"allow":["GET"]}}],"collection":[{"href":"https:\/\/technischemechanik.com\/de\/wp-json\/wp\/v2\/pages"}],"about":[{"href":"https:\/\/technischemechanik.com\/de\/wp-json\/wp\/v2\/types\/page"}],"author":[{"embeddable":true,"href":"https:\/\/technischemechanik.com\/de\/wp-json\/wp\/v2\/users\/110396568"}],"replies":[{"embeddable":true,"href":"https:\/\/technischemechanik.com\/de\/wp-json\/wp\/v2\/comments?post=1"}],"version-history":[{"count":11,"href":"https:\/\/technischemechanik.com\/de\/wp-json\/wp\/v2\/pages\/1\/revisions"}],"predecessor-version":[{"id":288,"href":"https:\/\/technischemechanik.com\/de\/wp-json\/wp\/v2\/pages\/1\/revisions\/288"}],"wp:attachment":[{"href":"https:\/\/technischemechanik.com\/de\/wp-json\/wp\/v2\/media?parent=1"}],"wp:term":[{"taxonomy":"post_tag","embeddable":true,"href":"https:\/\/technischemechanik.com\/de\/wp-json\/wp\/v2\/tags?post=1"}],"curies":[{"name":"wp","href":"https:\/\/api.w.org\/{rel}","templated":true}]}}