{"id":303,"date":"2021-12-03T09:49:41","date_gmt":"2021-12-03T08:49:41","guid":{"rendered":"https:\/\/technischemechanik.com\/?page_id=303"},"modified":"2021-12-03T16:48:12","modified_gmt":"2021-12-03T15:48:12","slug":"welcome","status":"publish","type":"page","link":"https:\/\/technischemechanik.com\/de\/","title":{"rendered":"Technische Mechanik &#8211; anschaulich erkl\u00e4rt!"},"content":{"rendered":"\n<p class=\"wp-block-paragraph\">Technische Mechanik &#8211; anschaulich erkl\u00e4rt?<br>Geht denn das? &#8211; Ja, davon bin ich \u00fcberzeugt!<\/p>\n\n\n\n<p class=\"wp-block-paragraph\">Ich denke auch ein gewisses Gef\u00fchl daf\u00fcr entwickelt zu haben, <em>wie<\/em> es geht. Nach fast einem Jahrzehnt in der Hochschullehre zur Technischen Mechanik sollte das auch nicht verwundern. Genau diesen Zugang, diese Erfahrung, versuche ich hier f\u00fcr euch alle bereitzustellen. Denn die Mechanik ist einfach zu sch\u00f6n um sie als notwendiges \u00dcbel links liegen zu lassen.<\/p>\n\n\n\n<p class=\"wp-block-paragraph\">Du findest also auf dieser Website Inhalte zu allen Facetten der Technischen Mechanik. \u00dcbungsaufgaben, Theorieerkl\u00e4rungen und vieles mehr. Wenn du Genaueres \u00fcber die Inhalte wissen willst, lies doch unter <a href=\"https:\/\/technischemechanik.com\/about\/\">Mission<\/a> weiter.<\/p>\n\n\n\n<p class=\"wp-block-paragraph\">Unter <a href=\"https:\/\/technischemechanik.com\/beitraege\/\">Beitr\u00e4ge<\/a> findest du alle Inhalte, immer mit Verlinkung zur vollst\u00e4ndigen Videoerkl\u00e4rung auf meinem YouTube Kanal. Du kannst nat\u00fcrlich auch in der Seitenleiste die Kategorien durchst\u00f6bern oder gezielt nach Inhalten suchen. Alle Videos sind auch noch einmal in Playlists unter <a href=\"https:\/\/technischemechanik.com\/videosammlung\/\">Videos<\/a> zusammengefasst. Wenn dir die Inhalte helfen, abonniere bitte meinem <a rel=\"noreferrer noopener\" href=\"https:\/\/www.youtube.com\/c\/markusorthaber\" target=\"_blank\">YouTube Kanal<\/a> und gib dem Video einen Daumen hoch. Vielen Dank!<\/p>\n\n\n\n<p class=\"wp-block-paragraph\">Bei Fragen, W\u00fcnschen oder Verbesserungsvorschl\u00e4gen kontaktiere mich bitte jederzeit gerne mittels Kommentar zu einem Beitrag oder direkt auf YouTube bzw. schreibe mir eine Nachricht \u00fcber das <a href=\"https:\/\/technischemechanik.com\/kontakt\/\">Kontaktformular<\/a>. Ich freue mich immer von dir zu h\u00f6ren. <\/p>\n\n\n\n<p class=\"wp-block-paragraph\">Aber jetzt w\u00fcnsche ich dir viel Spa\u00df mit der Technischen Mechanik!<\/p>\n","protected":false},"excerpt":{"rendered":"<p>Technische Mechanik &#8211; anschaulich erkl\u00e4rt?Geht denn das? &#8211; Ja, davon bin ich \u00fcberzeugt! Ich denke auch ein gewisses Gef\u00fchl daf\u00fcr entwickelt zu haben, wie es geht. Nach fast einem Jahrzehnt in der Hochschullehre zur Technischen Mechanik sollte das auch nicht verwundern. Genau diesen Zugang, diese Erfahrung, versuche ich hier f\u00fcr euch alle bereitzustellen. Denn die &hellip; <a href=\"https:\/\/technischemechanik.com\/de\/\" class=\"more-link\"><span class=\"screen-reader-text\">Technische Mechanik &#8211; anschaulich erkl\u00e4rt!<\/span> weiterlesen<\/a><\/p>\n","protected":false},"author":110396568,"featured_media":0,"parent":0,"menu_order":0,"comment_status":"closed","ping_status":"closed","template":"","meta":{"_coblocks_attr":"","_coblocks_dimensions":"","_coblocks_responsive_height":"","_coblocks_accordion_ie_support":"","_crdt_document":"","advanced_seo_description":"","jetpack_seo_html_title":"","jetpack_seo_noindex":false,"footnotes":""},"tags":[],"class_list":["post-303","page","type-page","status-publish","hentry","no-featured-image"],"jetpack_likes_enabled":true,"jetpack_sharing_enabled":true,"jetpack_shortlink":"https:\/\/wp.me\/P7UJuu-4T","jetpack-related-posts":[],"amp_enabled":true,"_links":{"self":[{"href":"https:\/\/technischemechanik.com\/de\/wp-json\/wp\/v2\/pages\/303","targetHints":{"allow":["GET"]}}],"collection":[{"href":"https:\/\/technischemechanik.com\/de\/wp-json\/wp\/v2\/pages"}],"about":[{"href":"https:\/\/technischemechanik.com\/de\/wp-json\/wp\/v2\/types\/page"}],"author":[{"embeddable":true,"href":"https:\/\/technischemechanik.com\/de\/wp-json\/wp\/v2\/users\/110396568"}],"replies":[{"embeddable":true,"href":"https:\/\/technischemechanik.com\/de\/wp-json\/wp\/v2\/comments?post=303"}],"version-history":[{"count":8,"href":"https:\/\/technischemechanik.com\/de\/wp-json\/wp\/v2\/pages\/303\/revisions"}],"predecessor-version":[{"id":353,"href":"https:\/\/technischemechanik.com\/de\/wp-json\/wp\/v2\/pages\/303\/revisions\/353"}],"wp:attachment":[{"href":"https:\/\/technischemechanik.com\/de\/wp-json\/wp\/v2\/media?parent=303"}],"wp:term":[{"taxonomy":"post_tag","embeddable":true,"href":"https:\/\/technischemechanik.com\/de\/wp-json\/wp\/v2\/tags?post=303"}],"curies":[{"name":"wp","href":"https:\/\/api.w.org\/{rel}","templated":true}]}}