{"id":120,"date":"2019-07-18T14:30:34","date_gmt":"2019-07-18T12:30:34","guid":{"rendered":"https:\/\/technischemechanik.com\/?page_id=120"},"modified":"2022-07-06T13:28:23","modified_gmt":"2022-07-06T11:28:23","slug":"videosammlung","status":"publish","type":"page","link":"https:\/\/technischemechanik.com\/en\/videosammlung\/","title":{"rendered":"Videos"},"content":{"rendered":"<h4>\u00dcbungsaufgaben zur Statik (Playlist)<\/h4>\n<p><div class=\"jetpack-video-wrapper\"><span class=\"embed-youtube\" style=\"text-align:center; display: block;\"><iframe loading=\"lazy\" class=\"youtube-player\" width=\"712\" height=\"401\" src=\"https:\/\/www.youtube.com\/embed?version=3&#038;rel=1&#038;showsearch=0&#038;showinfo=1&#038;iv_load_policy=1&#038;fs=1&#038;hl=en-GB&#038;autohide=2&#038;wmode=transparent&#038;listType=playlist&#038;list=PLH-kd9tf0ZZnVukODBFOZHR43koRxJD_F\" allowfullscreen=\"true\" style=\"border:0;\" sandbox=\"allow-scripts allow-same-origin allow-popups allow-presentation allow-popups-to-escape-sandbox\"><\/iframe><\/span><\/div><\/p>\n<h4>\u00dcbungsaufgaben zur Festigkeitslehre (Playlist)<\/h4>\n<p><div class=\"jetpack-video-wrapper\"><span class=\"embed-youtube\" style=\"text-align:center; display: block;\"><iframe loading=\"lazy\" class=\"youtube-player\" width=\"712\" height=\"401\" src=\"https:\/\/www.youtube.com\/embed?version=3&#038;rel=1&#038;showsearch=0&#038;showinfo=1&#038;iv_load_policy=1&#038;fs=1&#038;hl=en-GB&#038;autohide=2&#038;wmode=transparent&#038;listType=playlist&#038;list=PLH-kd9tf0ZZmvqsBLn-ERvEKLreqC8cfq\" allowfullscreen=\"true\" style=\"border:0;\" sandbox=\"allow-scripts allow-same-origin allow-popups allow-presentation allow-popups-to-escape-sandbox\"><\/iframe><\/span><\/div><\/p>\n<h4>\u00dcbungsaufgaben zur Dynamik (Playlist)<\/h4>\n<p><div class=\"jetpack-video-wrapper\"><span class=\"embed-youtube\" style=\"text-align:center; display: block;\"><iframe loading=\"lazy\" class=\"youtube-player\" width=\"712\" height=\"401\" src=\"https:\/\/www.youtube.com\/embed?version=3&#038;rel=1&#038;showsearch=0&#038;showinfo=1&#038;iv_load_policy=1&#038;fs=1&#038;hl=en-GB&#038;autohide=2&#038;wmode=transparent&#038;listType=playlist&#038;list=PLH-kd9tf0ZZlcgh7vdMaV9VSpoGBDLS2H\" allowfullscreen=\"true\" style=\"border:0;\" sandbox=\"allow-scripts allow-same-origin allow-popups allow-presentation allow-popups-to-escape-sandbox\"><\/iframe><\/span><\/div><\/p>\n\n\n<h4 class=\"wp-block-heading\" id=\"ubungsaufgaben-zur-hoheren-dynamik-playlist\">\u00dcbungsaufgaben zur H\u00f6heren Dynamik (Playlist)<\/h4>\n\n\n\n<figure class=\"wp-block-embed is-type-video is-provider-youtube wp-block-embed-youtube wp-embed-aspect-16-9 wp-has-aspect-ratio\"><div class=\"wp-block-embed__wrapper\">\n<span class=\"embed-youtube\" style=\"text-align:center; display: block;\"><iframe loading=\"lazy\" class=\"youtube-player\" width=\"712\" height=\"401\" src=\"https:\/\/www.youtube.com\/embed?version=3&#038;rel=1&#038;showsearch=0&#038;showinfo=1&#038;iv_load_policy=1&#038;fs=1&#038;hl=en-GB&#038;autohide=2&#038;wmode=transparent&#038;listType=playlist&#038;list=PLH-kd9tf0ZZmw1hq9OzFMWNX1UZDo3gX3\" allowfullscreen=\"true\" style=\"border:0;\" sandbox=\"allow-scripts allow-same-origin allow-popups allow-presentation allow-popups-to-escape-sandbox\"><\/iframe><\/span>\n<\/div><\/figure>\n\n\n\n<h4 class=\"wp-block-heading\" id=\"ubungsaufgaben-zur-hoheren-dynamik-playlist\">\u00dcbungsaufgaben zu stossvorg\u00e4ngen (Playlist)<\/h4>\n\n\n\n<figure class=\"wp-block-embed is-type-video is-provider-youtube wp-block-embed-youtube wp-embed-aspect-16-9 wp-has-aspect-ratio\"><div class=\"wp-block-embed__wrapper\">\n<span class=\"embed-youtube\" style=\"text-align:center; display: block;\"><iframe loading=\"lazy\" class=\"youtube-player\" width=\"712\" height=\"401\" src=\"https:\/\/www.youtube.com\/embed?version=3&#038;rel=1&#038;showsearch=0&#038;showinfo=1&#038;iv_load_policy=1&#038;fs=1&#038;hl=en-GB&#038;autohide=2&#038;wmode=transparent&#038;listType=playlist&#038;list=PLH-kd9tf0ZZmutqn1Qzz6Sy0NAs78SMI6\" allowfullscreen=\"true\" style=\"border:0;\" sandbox=\"allow-scripts allow-same-origin allow-popups allow-presentation allow-popups-to-escape-sandbox\"><\/iframe><\/span>\n<\/div><\/figure>\n\n\n\n<h4 class=\"wp-block-heading\" id=\"ubungsaufgaben-zur-hoheren-dynamik-playlist\">\u00dcbungsaufgaben zu lagrange-mechanik (Playlist)<\/h4>\n\n\n\n<figure class=\"wp-block-embed is-type-video is-provider-youtube wp-block-embed-youtube wp-embed-aspect-16-9 wp-has-aspect-ratio\"><div class=\"wp-block-embed__wrapper\">\n<span class=\"embed-youtube\" style=\"text-align:center; display: block;\"><iframe loading=\"lazy\" class=\"youtube-player\" width=\"712\" height=\"401\" src=\"https:\/\/www.youtube.com\/embed?version=3&#038;rel=1&#038;showsearch=0&#038;showinfo=1&#038;iv_load_policy=1&#038;fs=1&#038;hl=en-GB&#038;autohide=2&#038;wmode=transparent&#038;listType=playlist&#038;list=PLH-kd9tf0ZZlR6w3LoDUGwjIGJcYm0vc1\" allowfullscreen=\"true\" style=\"border:0;\" sandbox=\"allow-scripts allow-same-origin allow-popups allow-presentation allow-popups-to-escape-sandbox\"><\/iframe><\/span>\n<\/div><\/figure>\n\n\n\n<h4 class=\"wp-block-heading\" id=\"ubungsaufgaben-zur-hoheren-dynamik-playlist\">\u00dcbungsaufgaben zur relativkinematik und -kinetik (Playlist)<\/h4>\n\n\n\n<figure class=\"wp-block-embed is-type-video is-provider-youtube wp-block-embed-youtube wp-embed-aspect-16-9 wp-has-aspect-ratio\"><div class=\"wp-block-embed__wrapper\">\n<span class=\"embed-youtube\" style=\"text-align:center; display: block;\"><iframe loading=\"lazy\" class=\"youtube-player\" width=\"712\" height=\"401\" src=\"https:\/\/www.youtube.com\/embed?version=3&#038;rel=1&#038;showsearch=0&#038;showinfo=1&#038;iv_load_policy=1&#038;fs=1&#038;hl=en-GB&#038;autohide=2&#038;wmode=transparent&#038;listType=playlist&#038;list=PLH-kd9tf0ZZnn_FCbiIFZ-tqQiEwZntLU\" allowfullscreen=\"true\" style=\"border:0;\" sandbox=\"allow-scripts allow-same-origin allow-popups allow-presentation allow-popups-to-escape-sandbox\"><\/iframe><\/span>\n<\/div><\/figure>\n\n\n\n<h4 class=\"wp-block-heading\" id=\"ubungsaufgaben-zur-hoheren-dynamik-playlist\">\u00dcbungsaufgaben zur kreiseldynamik (Playlist)<\/h4>\n\n\n\n<figure class=\"wp-block-embed is-type-video is-provider-youtube wp-block-embed-youtube wp-embed-aspect-16-9 wp-has-aspect-ratio\"><div class=\"wp-block-embed__wrapper\">\n<span class=\"embed-youtube\" style=\"text-align:center; display: block;\"><iframe loading=\"lazy\" class=\"youtube-player\" width=\"712\" height=\"401\" src=\"https:\/\/www.youtube.com\/embed?version=3&#038;rel=1&#038;showsearch=0&#038;showinfo=1&#038;iv_load_policy=1&#038;fs=1&#038;hl=en-GB&#038;autohide=2&#038;wmode=transparent&#038;listType=playlist&#038;list=PLH-kd9tf0ZZlpUjFxiw3Wl0c1-poMqhwO\" allowfullscreen=\"true\" style=\"border:0;\" sandbox=\"allow-scripts allow-same-origin allow-popups allow-presentation allow-popups-to-escape-sandbox\"><\/iframe><\/span>\n<\/div><\/figure>\n\n\n\n<h4 class=\"wp-block-heading\">Trailer 2022<\/h4>\n\n\n\n<figure class=\"wp-block-embed is-type-video is-provider-youtube wp-block-embed-youtube wp-embed-aspect-16-9 wp-has-aspect-ratio\"><div class=\"wp-block-embed__wrapper\">\n<span class=\"embed-youtube\" style=\"text-align:center; display: block;\"><iframe loading=\"lazy\" class=\"youtube-player\" width=\"712\" height=\"401\" src=\"https:\/\/www.youtube.com\/embed\/fDJun4Ke0YI?version=3&#038;rel=1&#038;showsearch=0&#038;showinfo=1&#038;iv_load_policy=1&#038;fs=1&#038;hl=en-GB&#038;autohide=2&#038;wmode=transparent\" allowfullscreen=\"true\" style=\"border:0;\" sandbox=\"allow-scripts allow-same-origin allow-popups allow-presentation allow-popups-to-escape-sandbox\"><\/iframe><\/span>\n<\/div><\/figure>","protected":false},"excerpt":{"rendered":"<p>\u00dcbungsaufgaben zur Statik (Playlist) \u00dcbungsaufgaben zur Festigkeitslehre (Playlist) \u00dcbungsaufgaben zur Dynamik (Playlist) \u00dcbungsaufgaben zur H\u00f6heren Dynamik (Playlist) \u00dcbungsaufgaben zu stossvorg\u00e4ngen (Playlist) \u00dcbungsaufgaben zu lagrange-mechanik (Playlist) \u00dcbungsaufgaben zur relativkinematik und -kinetik (Playlist) \u00dcbungsaufgaben zur kreiseldynamik (Playlist) Trailer 2022<\/p>","protected":false},"author":110396568,"featured_media":0,"parent":0,"menu_order":0,"comment_status":"closed","ping_status":"closed","template":"","meta":{"_coblocks_attr":"","_coblocks_dimensions":"","_coblocks_responsive_height":"","_coblocks_accordion_ie_support":"","_crdt_document":"","advanced_seo_description":"","jetpack_seo_html_title":"","jetpack_seo_noindex":false,"footnotes":""},"tags":[],"class_list":["post-120","page","type-page","status-publish","hentry","no-featured-image"],"jetpack_likes_enabled":true,"jetpack_sharing_enabled":true,"jetpack_shortlink":"https:\/\/wp.me\/P7UJuu-1W","jetpack-related-posts":[],"amp_enabled":true,"_links":{"self":[{"href":"https:\/\/technischemechanik.com\/en\/wp-json\/wp\/v2\/pages\/120","targetHints":{"allow":["GET"]}}],"collection":[{"href":"https:\/\/technischemechanik.com\/en\/wp-json\/wp\/v2\/pages"}],"about":[{"href":"https:\/\/technischemechanik.com\/en\/wp-json\/wp\/v2\/types\/page"}],"author":[{"embeddable":true,"href":"https:\/\/technischemechanik.com\/en\/wp-json\/wp\/v2\/users\/110396568"}],"replies":[{"embeddable":true,"href":"https:\/\/technischemechanik.com\/en\/wp-json\/wp\/v2\/comments?post=120"}],"version-history":[{"count":15,"href":"https:\/\/technischemechanik.com\/en\/wp-json\/wp\/v2\/pages\/120\/revisions"}],"predecessor-version":[{"id":1388,"href":"https:\/\/technischemechanik.com\/en\/wp-json\/wp\/v2\/pages\/120\/revisions\/1388"}],"wp:attachment":[{"href":"https:\/\/technischemechanik.com\/en\/wp-json\/wp\/v2\/media?parent=120"}],"wp:term":[{"taxonomy":"post_tag","embeddable":true,"href":"https:\/\/technischemechanik.com\/en\/wp-json\/wp\/v2\/tags?post=120"}],"curies":[{"name":"wp","href":"https:\/\/api.w.org\/{rel}","templated":true}]}}